{"id":189,"date":"2024-09-11T20:24:46","date_gmt":"2024-09-11T18:24:46","guid":{"rendered":"https:\/\/coffeeinnhostel.valua.cloud\/impressum\/"},"modified":"2024-10-03T14:25:57","modified_gmt":"2024-10-03T12:25:57","slug":"impressum","status":"publish","type":"page","link":"https:\/\/coffeeinnhostel.valua.cloud\/de\/impressum\/","title":{"rendered":"IMPRESSUM"},"content":{"rendered":"\n<section class=\"wp-block-coffeeinnhostel-legal section-7\"> <div class=\"w-layout-blockcontainer w-container\"> <h1 class=\"heading-5\">IMPRESSUM<\/h1> <p class=\"paragraph-6 ci\"><strong>Eigentu\u0308mer<\/strong><br>Hostel Berlin Betriebsgesellschaft mbH<br>Gesch\u00e4ftsfu\u0308hrer: Eli Gleizer<br>Postdamer Strasse 180<br>10783 Berlin<br>Deutschland<br>Handelsregister Nummer: HRB 260468 B<br>Amtsgericht Berlin Charlottenburg, Deutschland<br>USt-IdNr. DE367029274<br><br><strong>Inhaltlich Verantwortlich (gem\u00e4\u00df \u00a7 18 MStV)<\/strong><br><br>Mario Mandac (Anschrift wie oben)<br><br><strong>Inhalte<\/strong><br>Alle hier verwendeten Namen, Begriffe, Zeichen und Grafiken k\u00f6nnen Marken- oder<br>Warenzeichen im Besitze ihrer rechtlichen Eigentu\u0308mer sein. Die Rechte aller erw\u00e4hnten und<br>benutzten Marken- und Warenzeichen liegen ausschlie\u00dflich bei deren Besitzern. Der Autor<br>u\u0308bernimmt keinerlei Gew\u00e4hr fu\u0308r die Aktualit\u00e4t, Korrektheit, Vollst\u00e4ndigkeit oder Qualit\u00e4t der<br>bereitgestellten Informationen. Haftungsanspru\u0308che gegen den Autor, welche sich auf Sch\u00e4den<br>materieller oder ideeller Art beziehen, die durch die Nutzung oder Nichtnutzung der<br>dargebotenen Informationen bzw. durch die Nutzung fehlerhafter und unvollst\u00e4ndiger<br>Informationen verursacht wurden, sind grunds\u00e4tzlich ausgeschlossen, sofern seitens des Autors<br>kein nachweislich vors\u00e4tzliches oder grob fahrl\u00e4ssiges Verschulden vorliegt.<br>Alle Angebote sind freibleibend und unverbindlich. Der Autor beh\u00e4lt es sich ausdru\u0308cklich vor,<br>Teile der Seiten oder das gesamte Angebot ohne gesonderte Anku\u0308ndigung zu ver\u00e4ndern, zu<br>erg\u00e4nzen, zu l\u00f6schen oder die Ver\u00f6ffentlichung zeitweise oder endgu\u0308ltig einzustellen.   <br><br><strong>Links<\/strong><br>Diese Webseite enth\u00e4lt Links. Bei direkten oder indirekten Verweisen auf fremde Webseiten<br>(\u201cHyperlinks\u201d), die au\u00dferhalb des Verantwortungsbereiches des Autors liegen, wu\u0308rde eine<br>Haftungsverpflichtung ausschlie\u00dflich in dem Fall in Kraft treten, in dem der Autor von den<br>Inhalten Kenntnis hat und es ihm technisch m\u00f6glich und zumutbar w\u00e4re, die Nutzung im Falle<br>rechtswidriger Inhalte zu verhindern.<br>Der Autor erkl\u00e4rt hiermit ausdru\u0308cklich, dass zum Zeitpunkt der Linksetzung keine illegalen Inhalte<br>auf den zu verlinkenden Seiten erkennbar waren. Auf die aktuelle und zuku\u0308nftige Gestaltung, die<br>Inhalte oder die Urheberschaft der verlinkten\/verknu\u0308pften Seiten hat der Autor keinerlei<br>Einfluss. Deshalb distanziert er sich hiermit ausdru\u0308cklich von allen Inhalten aller verlinkten<br>\/verknu\u0308pften Seiten, die nach der Linksetzung ver\u00e4ndert wurden. Diese Feststellung gilt fu\u0308r alle<br>innerhalb des eigenen Internetangebotes gesetzten Links und Verweise sowie fu\u0308r Fremdeintr\u00e4ge<br>in vom Autor eingerichteten G\u00e4stebu\u0308chern, Diskussionsforen, Linkverzeichnissen, Mailinglisten<br>und in allen anderen Formen von Datenbanken, auf deren Inhalt externe Schreibzugriffe m\u00f6glich<br>sind. Fu\u0308r illegale, fehlerhafte oder unvollst\u00e4ndige Inhalte und insbesondere fu\u0308r Sch\u00e4den, die aus der Nutzung oder Nichtnutzung solcherart dargebotener Informationen entstehen, haftet allein<br>der Anbieter der Seite, auf welche verwiesen wurde, nicht derjenige, der u\u0308ber Links auf die<br>jeweilige Ver\u00f6ffentlichung lediglich verweist.     <br><br><strong>Urheber- Kennzeichenrecht<\/strong><br>Der Autor ist bestrebt, in allen Publikationen die Urheberrechte der verwendeten Bilder,<br>Grafiken, Tondokumente, Videosequenzen und Texte zu beachten, von ihm selbst erstellte<br>Bilder, Grafiken, Tondokumente, Videosequenzen und Texte zu nutzen oder auf lizenzfreie<br>Grafiken, Tondokumente, Videosequenzen und Texte zuru\u0308ckzugreifen. Einige der verwendeten<br>Bilder stammen aus Bilddatenbanken, die Rechte an diesen Bildern wurden erworben.<br>Alle innerhalb des Internetangebotes genannten und ggf. durch Dritte geschu\u0308tzten Marken- und<br>Warenzeichen unterliegen uneingeschr\u00e4nkt den Bestimmungen des jeweils gu\u0308ltigen<br>Kennzeichenrechts und den Besitzrechten der jeweiligen eingetragenen Eigentu\u0308mer. Allein<br>aufgrund der blo\u00dfen Nennung ist nicht der Schluss zu ziehen, dass Markenzeichen nicht durch<br>Rechte Dritter geschu\u0308tzt sind!<br>Das Copyright fu\u0308r ver\u00f6ffentlichte, vom Autor selbst erstellte Objekte bleibt allein beim Autor der<br>Seiten. Eine Vervielf\u00e4ltigung oder Verwendung solcher Grafiken, Tondokumente,<br>Videosequenzen und Texte in anderen elektronischen oder gedruckten Publikationen ist ohne<br>ausdru\u0308ckliche Zustimmung des Autors nicht gestattet.     <br><br><strong>Bildherkunft<\/strong><br>Alle Bilder stammen entweder aus eigener Fotografie oder sind lizensierte Stockbilder aus<br>Shutterstock, Adobe Stock oder Freepik und du\u0308rfen auf dieser Webseite gem\u00e4\u00df der erworbenen<br>Lizenz verwendet werden.<br>Bilder mit Lizenz im Einzelnen: ***<br><br><strong>Rechtswirksamkeit dieses Haftungsausschlusses<\/strong><br>Dieser Haftungsausschluss ist als Teil des Internetangebotes zu betrachten, von dem aus auf<br>diese Seite verwiesen wurde. Sofern Teile oder einzelne Formulierungen dieses Textes der<br>geltenden Rechtslage nicht, nicht mehr oder nicht vollst\u00e4ndig entsprechen sollten, bleiben die<br>u\u0308brigen Teile des Dokumentes in ihrem Inhalt und ihrer Gu\u0308ltigkeit davon unberu\u0308hrt. <br><br>Gu\u0308ltig ab Mai 2024<\/p> <\/div> <\/section>\n","protected":false},"excerpt":{"rendered":"","protected":false},"author":1027,"featured_media":0,"parent":0,"menu_order":0,"comment_status":"closed","ping_status":"closed","template":"","meta":{"_acf_changed":false,"footnotes":""},"class_list":["post-189","page","type-page","status-publish","hentry"],"acf":[],"_links":{"self":[{"href":"https:\/\/coffeeinnhostel.valua.cloud\/de\/wp-json\/wp\/v2\/pages\/189"}],"collection":[{"href":"https:\/\/coffeeinnhostel.valua.cloud\/de\/wp-json\/wp\/v2\/pages"}],"about":[{"href":"https:\/\/coffeeinnhostel.valua.cloud\/de\/wp-json\/wp\/v2\/types\/page"}],"author":[{"embeddable":true,"href":"https:\/\/coffeeinnhostel.valua.cloud\/de\/wp-json\/wp\/v2\/users\/1027"}],"replies":[{"embeddable":true,"href":"https:\/\/coffeeinnhostel.valua.cloud\/de\/wp-json\/wp\/v2\/comments?post=189"}],"version-history":[{"count":0,"href":"https:\/\/coffeeinnhostel.valua.cloud\/de\/wp-json\/wp\/v2\/pages\/189\/revisions"}],"wp:attachment":[{"href":"https:\/\/coffeeinnhostel.valua.cloud\/de\/wp-json\/wp\/v2\/media?parent=189"}],"curies":[{"name":"wp","href":"https:\/\/api.w.org\/{rel}","templated":true}]}}