{"id":335,"date":"2024-09-11T20:19:20","date_gmt":"2024-09-11T18:19:20","guid":{"rendered":"https:\/\/coffeeinnhostel.valua.cloud\/gruppe\/"},"modified":"2024-11-18T17:25:40","modified_gmt":"2024-11-18T16:25:40","slug":"gruppe","status":"publish","type":"page","link":"https:\/\/coffeeinnhostel.valua.cloud\/de\/gruppe\/","title":{"rendered":"Gruppe"},"content":{"rendered":"\n<section class=\"wp-block-coffeeinnhostel-hero section home-hero\"> <div class=\"container-large\"> <div class=\"home-hero-title\"> <div class=\"home-hero-title-mask\"> <h1 class=\"heading-xlarge line-1\">GRUPPE<\/h1> <\/div> <div class=\"home-hero-title-mask\"> <h1 class=\"heading-xlarge line-2\">BUCHEN<\/h1> <\/div>  <\/div> <\/div> <\/section>\n\n<section class=\"wp-block-coffeeinnhostel-big-image section rooms-hero\"> <div class=\"container-large\"> <div class=\"column-xlarge text-align-center\"> <div class=\"room-thumb-large-mask\"> <img decoding=\"async\" width=\"1620\" height=\"1080\" data-w-id=\"671a07f6-7d28-b214-f199-e33b8b4151a8\" src=\"https:\/\/coffeeinnhostel.valua.cloud\/wp-content\/uploads\/2024\/11\/Coffee-Inn-Hostel_Foto-von-White-Kitchen_72dpi_009-1.jpg\" sizes=\"(max-width: 479px) 100vw, (max-width: 767px) 94vw, (max-width: 991px) 92vw, 94vw\" loading=\"lazy\" class=\"room-thumb-large wp-image-287\" srcset=\"https:\/\/coffeeinnhostel.valua.cloud\/wp-content\/uploads\/2024\/11\/Coffee-Inn-Hostel_Foto-von-White-Kitchen_72dpi_009-1.jpg 1620w, https:\/\/coffeeinnhostel.valua.cloud\/wp-content\/uploads\/2024\/11\/Coffee-Inn-Hostel_Foto-von-White-Kitchen_72dpi_009-1-300x200.jpg 300w, https:\/\/coffeeinnhostel.valua.cloud\/wp-content\/uploads\/2024\/11\/Coffee-Inn-Hostel_Foto-von-White-Kitchen_72dpi_009-1-1024x683.jpg 1024w, https:\/\/coffeeinnhostel.valua.cloud\/wp-content\/uploads\/2024\/11\/Coffee-Inn-Hostel_Foto-von-White-Kitchen_72dpi_009-1-768x512.jpg 768w, https:\/\/coffeeinnhostel.valua.cloud\/wp-content\/uploads\/2024\/11\/Coffee-Inn-Hostel_Foto-von-White-Kitchen_72dpi_009-1-1536x1024.jpg 1536w\" \/> <div class=\"badge-hotel-wrap top_10\"> <img decoding=\"async\" src=\"https:\/\/coffeeinnhostel.valua.cloud\/wp-content\/themes\/coffeeinhostel\/images\/2-Coffee-Inn_Logo_3-Circular-GREEN.png\" loading=\"lazy\" width=\"154\" data-w-id=\"abaa81d8-fbe7-953a-4d05-1b9df350a038\" alt=\"\" class=\"badge-hotel\"> <\/div> <\/div> <\/div> <\/div> <\/section>\n\n<section class=\"wp-block-coffeeinnhostel-two-columns-text2 section\"> <div class=\"container\"> <div class=\"column-large\"> <h2 class=\"heading-large margin-80\"> <strong class=\"bold-text-2\">Group offer\nGroup bookings<\/strong> <\/h2> <div class=\"grid-thirds about\"> <div id=\"w-node-d9971dd7-4dc7-9446-2a7f-1c217370972d-2ded98bd\" class=\"column-small\"> <p class=\"text-size-xlarge\">Are you planning a trip with friends, family or colleagues? <br><br>Our youth hostel offers special rates for group bookings, guaranteeing a comfortable and unforgettable experience for everyone. <br><br>Whether you&#8217;re organising a school trip, a company outing, a family reunion or any other group adventure, you&#8217;ve come to the right place.<\/p> <\/div> <div id=\"w-node-d9971dd7-4dc7-9446-2a7f-1c2173709736-2ded98bd\" class=\"column-xsmall\"> <div class=\"grid about-list\">\n<p class=\"wp-block-coffeeinnhostel-text-for-right-column text-size-medium\"><strong>Special Rates<\/strong><br>Genie\u00dfen Sie exklusive Rabatte f\u00fcr Gruppenbuchungen, die Ihren Aufenthalt noch g\u00fcnstiger machen.<\/p>\n\n\n\n<div id=\"w-node-c811efe6-7956-d726-fbb1-f12226a09640-c3ca08ce\" class=\"wp-block-coffeeinnhostel-divider divider\"><\/div>\n\n\n\n<p class=\"wp-block-coffeeinnhostel-text-for-right-column text-size-medium\"><strong>Ma\u00dfgeschneiderte Unterkunft<\/strong><br>Wir bieten flexible Zimmerkonfigurationen, die den Bed\u00fcrfnissen Ihrer Gruppe entsprechen, darunter Gemeinschaftsschlafs\u00e4le und Privatzimmer.<\/p>\n\n\n\n<div id=\"w-node-c811efe6-7956-d726-fbb1-f12226a09640-c3ca08ce\" class=\"wp-block-coffeeinnhostel-divider divider\"><\/div>\n\n\n\n<p class=\"wp-block-coffeeinnhostel-text-for-right-column text-size-medium\"><strong>Unsere Lounge<\/strong><br>Ein gem\u00fctlicher Bereich, in dem man sich entspannen, unterhalten und abschalten kann. Ausgestattet mit einer Vielzahl von Spielen, die f\u00fcr Unterhaltung sorgen. Von Brettspielen und Kartenspielen bis hin zu einem Billardtisch und einem Fu\u00dfballtisch ist f\u00fcr jeden etwas dabei.  <\/p>\n\n\n\n<p class=\"wp-block-coffeeinnhostel-text-for-right-column text-size-medium\"><strong>Engagierter Gruppenkoordinator<\/strong><br>Ein engagierter Gruppenkoordinator hilft Ihnen bei der Buchung, beim Einchecken und bei allen Sonderw\u00fcnschen w\u00e4hrend Ihres Aufenthalts.<\/p>\n\n\n\n<p class=\"wp-block-coffeeinnhostel-text-for-right-column text-size-medium\"><strong>Gemeinsame Bereiche<\/strong><br>Nutzen Sie unsere Gemeinschaftsbereiche, die sich hervorragend f\u00fcr Gruppenaktivit\u00e4ten, Tagungen oder einfach nur zum gem\u00fctlichen Beisammensein eignen.<\/p>\n<\/div> <\/div> <\/div> <\/div> <\/div> <\/section>\n<section class=\"section hero-full wp-block-coffeeinnhostel-reservation-form\">\n    <div class=\"grid-halves hero-full\">\n        <div id=\"w-node-f840efcd-85db-bcdc-06fb-06c469c887a4-2ded98bd\" class=\"hero-full-content contact-left\">\n            <div>\n                <div class=\"column-medium margin-56\">\n                    <h1 class=\"heading\">COMPLETE THE FORM TO SECURE YOUR GROUP RESERVATION<\/h1>\n                <\/div>\n            <\/div>\n            <div class=\"badge-hotel-wrap contact\">\n                <img decoding=\"async\" src=\"https:\/\/coffeeinnhostel.valua.cloud\/wp-content\/themes\/coffeeinhostel\/images\/2-Coffee-Inn_Logo_3-Circular-GREEN.png\" loading=\"lazy\" width=\"154\" data-w-id=\"abaa81d8-fbe7-953a-4d05-1b9df350a038\" alt=\"\" class=\"badge-hotel\">\n            <\/div>\n        <\/div>\n        <div id=\"w-node-f840efcd-85db-bcdc-06fb-06c469c887c2-2ded98bd\" class=\"hero-full-visual contact-right\">\n            <div class=\"column-small margin-56\">\n                <p class=\"text-size-xlarge\">We will get back to you within 24 hours.<\/p>\n            <\/div>\n            <div class=\"form-block w-form\">\n                                                                    <form id=\"group-reservation_mailer_id\" name=\"email-form\" data-name=\"Email Form\" method=\"post\" class=\"form\" data-wf-page-id=\"66a9fd70d5e24f002ded98bd\" data-wf-element-id=\"f840efcd-85db-bcdc-06fb-06c469c887c7\" action=\"#group-reservation_mailer_id\" onsubmit=\"event.stopImmediatePropagation();event.stopPropagation();\">\n                        <div class=\"form-field-wrap\">\n                            <label for=\"name-3\" class=\"field-label\">\n                                First name                            <\/label>\n                            <input class=\"form-input w-input\" maxlength=\"256\" name=\"name-2\" data-name=\"Name 2\" placeholder=\"\" type=\"text\" id=\"name-2\" value=\"\">\n                        <\/div>\n                        <div class=\"form-field-wrap\">\n                            <label for=\"name-3\" class=\"field-label\">\n                                Last Name                            <\/label>\n                            <input class=\"form-input w-input\" maxlength=\"256\" name=\"name-2\" data-name=\"Name 2\" placeholder=\"\" type=\"text\" id=\"name-2\" value=\"\">\n                        <\/div>\n                        <div id=\"w-node-_49687855-c1d8-61ff-f0b2-defe5021a99a-2ded98bd\" class=\"form-field-wrap\">\n                            <label for=\"name-3\" class=\"field-label\">\n                                COMPANY                            <\/label>\n                            <input class=\"form-input w-input\" maxlength=\"256\" name=\"name-2\" data-name=\"Name 2\" placeholder=\"\" type=\"text\" id=\"name-2\" value=\"\">\n                        <\/div>\n                        <div id=\"w-node-aa633831-426e-6e64-1943-d0e5631dc3d0-2ded98bd\" class=\"form-field-wrap\">\n                            <label for=\"name-3\" class=\"field-label\">\n                                EMAIL                            <\/label>\n                            <input class=\"form-input w-input\" maxlength=\"256\" name=\"name-2\" data-name=\"Name 2\" placeholder=\"\" type=\"text\" id=\"name-2\" value=\"\">\n                        <\/div>\n                        <div id=\"w-node-b67f6ae4-4650-60bb-c692-1225c2d8ca2a-2ded98bd\" class=\"form-field-wrap\">\n                            <label for=\"name-3\" class=\"field-label\">\n                                PHONE                            <\/label>\n                            <input class=\"form-input w-input\" maxlength=\"256\" name=\"name-2\" data-name=\"Name 2\" placeholder=\"\" type=\"text\" id=\"name-2\" value=\"\">\n                        <\/div>\n                        <div id=\"w-node-_77b386b4-94f8-6216-16ae-01c9c988fa10-2ded98bd\" class=\"form-field-wrap\">\n                            <label for=\"field-4\" class=\"field-label\">\n                                Message                            <\/label>\n                            <textarea placeholder=\"\" maxlength=\"5000\" id=\"field-3\" name=\"field-3\" data-name=\"Field 3\" class=\"form-textarea w-input\"><\/textarea>\n                        <\/div>\n                        <input type=\"submit\" data-wait=\"Please wait...\" id=\"w-node-f840efcd-85db-bcdc-06fb-06c469c887d4-2ded98bd\" class=\"button-link w-button\" value=\"Submit\" name=\"group-reservation_mailer_id_7\">\n                        <input type=\"hidden\" name=\"group-reservation_mailer_id\" value=\"1\"\/>\n                    <\/form>\n                                                <div class=\"success-message w-form-done\">\n                    <div>\n                        Thank you! Your submission has been received!                    <\/div>\n                <\/div>\n                <div class=\"error-message w-form-fail\">\n                    <div>\n                        Oops! Something went wrong while submitting the form.                    <\/div>\n                <\/div>\n            <\/div>\n        <\/div>\n    <\/div>\n<\/section>\n<section class=\"wp-block-coffeeinnhostel-grid section padding-bottom-0\"> <div class=\"container\"> <div class=\"grid-quarters title\"> <div id=\"w-node-c65f9967-3474-8873-7800-ad03f76f0b24-c3ca08ce\" class=\"column-medium\"> <h2 class=\"heading-large\">OUR ROOMS<\/h2> <\/div> <div id=\"w-node-_2668d1da-3212-54be-7e1b-72d0785e9754-c3ca08ce\" class=\"column-2xsmall\"> <p class=\"paragraph\">Coffee Inn Hostel &#8211; Where culture and connections thrive<\/p> <\/div> <\/div> <div class=\"margin-56 w-dyn-list\"> <div role=\"list\" class=\"grid-halves room-list w-dyn-items\">\n<div role=\"listitem\" class=\"wp-block-coffeeinnhostel-grid-item w-dyn-item\"> <a data-w-id=\"a8efbd0f-52d2-adf8-9721-4797e82675c6\" href=\"https:\/\/coffeeinnhostel.valua.cloud\/de\/mehrbettzimmer\/\" class=\"room-item w-inline-block\"> <div class=\"room-thumb margin-24\"> <img decoding=\"async\" width=\"1024\" height=\"683\" src=\"https:\/\/coffeeinnhostel.valua.cloud\/wp-content\/uploads\/2024\/11\/Coffee-Inn-Hostel_Foto-von-White-Kitchen_72dpi_015-1-1024x683.jpg\" loading=\"lazy\" sizes=\"(max-width: 479px) 100vw, (max-width: 991px) 45vw, 44vw\" class=\"room-thumb-image wp-image-299\" srcset=\"https:\/\/coffeeinnhostel.valua.cloud\/wp-content\/uploads\/2024\/11\/Coffee-Inn-Hostel_Foto-von-White-Kitchen_72dpi_015-1-1024x683.jpg 1024w, https:\/\/coffeeinnhostel.valua.cloud\/wp-content\/uploads\/2024\/11\/Coffee-Inn-Hostel_Foto-von-White-Kitchen_72dpi_015-1-300x200.jpg 300w, https:\/\/coffeeinnhostel.valua.cloud\/wp-content\/uploads\/2024\/11\/Coffee-Inn-Hostel_Foto-von-White-Kitchen_72dpi_015-1-768x512.jpg 768w, https:\/\/coffeeinnhostel.valua.cloud\/wp-content\/uploads\/2024\/11\/Coffee-Inn-Hostel_Foto-von-White-Kitchen_72dpi_015-1-1536x1024.jpg 1536w, https:\/\/coffeeinnhostel.valua.cloud\/wp-content\/uploads\/2024\/11\/Coffee-Inn-Hostel_Foto-von-White-Kitchen_72dpi_015-1.jpg 1620w\" \/> <img fetchpriority=\"high\" decoding=\"async\" width=\"1024\" height=\"742\" loading=\"eager\" data-w-id=\"f880067b-da85-6f86-c79d-359ca58fb703\" src=\"https:\/\/coffeeinnhostel.valua.cloud\/wp-content\/uploads\/2024\/11\/Coffee-Inn-Hostel_Foto-von-White-Kitchen_72dpi_008-1-1024x742.jpg\" sizes=\"100vw\" class=\"room-thumb-hover wp-image-285\" style=\"width:0%;height:100%;transform:translate3d(-1px, 0px, 0px) scale3d(1, 1, 1) rotateX(0deg) rotateY(0deg) rotateZ(0deg) skew(0deg, 0deg);transform-style:preserve-3d\" srcset=\"https:\/\/coffeeinnhostel.valua.cloud\/wp-content\/uploads\/2024\/11\/Coffee-Inn-Hostel_Foto-von-White-Kitchen_72dpi_008-1-1024x742.jpg 1024w, https:\/\/coffeeinnhostel.valua.cloud\/wp-content\/uploads\/2024\/11\/Coffee-Inn-Hostel_Foto-von-White-Kitchen_72dpi_008-1-300x217.jpg 300w, https:\/\/coffeeinnhostel.valua.cloud\/wp-content\/uploads\/2024\/11\/Coffee-Inn-Hostel_Foto-von-White-Kitchen_72dpi_008-1-768x557.jpg 768w, https:\/\/coffeeinnhostel.valua.cloud\/wp-content\/uploads\/2024\/11\/Coffee-Inn-Hostel_Foto-von-White-Kitchen_72dpi_008-1.jpg 1490w\" \/> <\/div> <h2 class=\"heading-small margin-12\">MEHRBETTZIMMER<\/h2> <div class=\"room-text\"> <p class=\"text-color-light margin-12\">Unsere Mehrbettzimmer sind preisg\u00fcnstig und ideal f\u00fcr gesellige Reisende. Sie verf\u00fcgen \u00fcber individuelle Schlie\u00dff\u00e4cher und bequeme Etagenbetten. Ideal f\u00fcr Rucksacktouristen und Studenten, die einen g\u00fcnstigen Aufenthalt suchen.  <\/p> <\/div> <h3 class=\"heading-small link\">MEHR INFOS<\/h3> <\/a> <\/div>\n\n\n\n<div role=\"listitem\" class=\"wp-block-coffeeinnhostel-grid-item w-dyn-item\"> <a data-w-id=\"a8efbd0f-52d2-adf8-9721-4797e82675c6\" href=\"https:\/\/coffeeinnhostel.valua.cloud\/de\/private-zimmer\/\" class=\"room-item w-inline-block\"> <div class=\"room-thumb margin-24\"> <img decoding=\"async\" width=\"1024\" height=\"649\" src=\"https:\/\/coffeeinnhostel.valua.cloud\/wp-content\/uploads\/2024\/11\/Coffee-Inn-Hostel_Foto-von-White-Kitchen_72dpi_012-1-1024x649.jpg\" loading=\"lazy\" sizes=\"(max-width: 479px) 100vw, (max-width: 991px) 45vw, 44vw\" class=\"room-thumb-image wp-image-293\" srcset=\"https:\/\/coffeeinnhostel.valua.cloud\/wp-content\/uploads\/2024\/11\/Coffee-Inn-Hostel_Foto-von-White-Kitchen_72dpi_012-1-1024x649.jpg 1024w, https:\/\/coffeeinnhostel.valua.cloud\/wp-content\/uploads\/2024\/11\/Coffee-Inn-Hostel_Foto-von-White-Kitchen_72dpi_012-1-300x190.jpg 300w, https:\/\/coffeeinnhostel.valua.cloud\/wp-content\/uploads\/2024\/11\/Coffee-Inn-Hostel_Foto-von-White-Kitchen_72dpi_012-1-768x487.jpg 768w, https:\/\/coffeeinnhostel.valua.cloud\/wp-content\/uploads\/2024\/11\/Coffee-Inn-Hostel_Foto-von-White-Kitchen_72dpi_012-1-1536x974.jpg 1536w, https:\/\/coffeeinnhostel.valua.cloud\/wp-content\/uploads\/2024\/11\/Coffee-Inn-Hostel_Foto-von-White-Kitchen_72dpi_012-1.jpg 1703w\" \/> <img decoding=\"async\" width=\"1024\" height=\"877\" loading=\"eager\" data-w-id=\"f880067b-da85-6f86-c79d-359ca58fb703\" src=\"https:\/\/coffeeinnhostel.valua.cloud\/wp-content\/uploads\/2024\/11\/Coffee-Inn-Hostel_Foto-von-White-Kitchen_72dpi_011-1-1024x877.jpg\" sizes=\"100vw\" class=\"room-thumb-hover wp-image-291\" style=\"width:0%;height:100%;transform:translate3d(-1px, 0px, 0px) scale3d(1, 1, 1) rotateX(0deg) rotateY(0deg) rotateZ(0deg) skew(0deg, 0deg);transform-style:preserve-3d\" srcset=\"https:\/\/coffeeinnhostel.valua.cloud\/wp-content\/uploads\/2024\/11\/Coffee-Inn-Hostel_Foto-von-White-Kitchen_72dpi_011-1-1024x877.jpg 1024w, https:\/\/coffeeinnhostel.valua.cloud\/wp-content\/uploads\/2024\/11\/Coffee-Inn-Hostel_Foto-von-White-Kitchen_72dpi_011-1-300x257.jpg 300w, https:\/\/coffeeinnhostel.valua.cloud\/wp-content\/uploads\/2024\/11\/Coffee-Inn-Hostel_Foto-von-White-Kitchen_72dpi_011-1-768x658.jpg 768w, https:\/\/coffeeinnhostel.valua.cloud\/wp-content\/uploads\/2024\/11\/Coffee-Inn-Hostel_Foto-von-White-Kitchen_72dpi_011-1.jpg 1261w\" \/> <\/div> <h2 class=\"heading-small margin-12\">PRIVATE ZIMMER<\/h2> <div class=\"room-text\"> <p class=\"text-color-light margin-12\">F\u00fcr alle, die Privatsph\u00e4re suchen, bieten unsere Privatzimmer Komfort zu Hostelpreisen. Genie\u00dfe den Luxus eines Kingsize-Bettes, eines Nachttisches und eines Fernsehers mit der Option eines zus\u00e4tzlichen Etagenbettes f\u00fcr weitere G\u00e4ste oder Kinder. <\/p> <\/div> <h3 class=\"heading-small link\">MEHR INFOS<\/h3> <\/a> <\/div>\n<\/div> <\/div> <div class=\"text-align-center\"><\/div> <\/div> <\/section>\n\n<section class=\"wp-block-coffeeinnhostel-services section padding-bottom-0\"> <div class=\"container\"> <div class=\"amenities-inner\"> <div class=\"column-xsmall\"> <h2 class=\"heading-medium\"><strong>HOSTEL SERVICES<\/strong><\/h2> <\/div> <div class=\"column-small\"> <p class=\"text-size-xlarge margin-48\">Our hostel offers a range of services and amenities to make your stay comfortable, enjoyable and full of fun.<\/p> <div class=\"w-dyn-list\"> <div role=\"list\" class=\"grid-halves amenities w-dyn-items\">\n<div role=\"listitem\" class=\"wp-block-coffeeinnhostel-service w-dyn-item\"> <div class=\"amenities-item\">  <div class=\"text-block-5\">Lounge &amp; Communal rooms<\/div> <\/div> <\/div>\n\n\n\n<div role=\"listitem\" class=\"wp-block-coffeeinnhostel-service w-dyn-item\"> <div class=\"amenities-item\">  <div class=\"text-block-5\">24\/7 Reception<\/div> <\/div> <\/div>\n\n\n\n<div role=\"listitem\" class=\"wp-block-coffeeinnhostel-service w-dyn-item\"> <div class=\"amenities-item\">  <div class=\"text-block-5\">Playroom<\/div> <\/div> <\/div>\n\n\n\n<div role=\"listitem\" class=\"wp-block-coffeeinnhostel-service w-dyn-item\"> <div class=\"amenities-item\">  <div class=\"text-block-5\">Sport<\/div> <\/div> <\/div>\n\n\n\n<div role=\"listitem\" class=\"wp-block-coffeeinnhostel-service w-dyn-item\"> <div class=\"amenities-item\">  <div class=\"text-block-5\">Berlin Bier<\/div> <\/div> <\/div>\n\n\n\n<div role=\"listitem\" class=\"wp-block-coffeeinnhostel-service w-dyn-item\"> <div class=\"amenities-item\">  <div class=\"text-block-5\">Kinderfreundliche Ausstattung<\/div> <\/div> <\/div>\n<\/div> <\/div> <\/div> <\/div> <\/div> <\/section>\n\n<section class=\"wp-block-coffeeinnhostel-cta section cta\"> <div class=\"container\"> <div class=\"cta-inner\"> <div class=\"text-size-medium text-style-caps margin-32\">LIVING THE CITY IN OTHER AWAY<\/div> <h2 class=\"heading-large margin-56\">ENJOY BERLIN ENJOY COFFEE INN HOSTEL<\/h2><a href=\"#\" class=\"button w-inline-block\" target=\"_blank\" rel=\"noopener\">JETZT BUCHEN<\/a> <\/div> <\/div> <\/section>\n","protected":false},"excerpt":{"rendered":"","protected":false},"author":1027,"featured_media":0,"parent":0,"menu_order":0,"comment_status":"closed","ping_status":"closed","template":"","meta":{"_acf_changed":false,"footnotes":""},"class_list":["post-335","page","type-page","status-publish","hentry"],"acf":[],"_links":{"self":[{"href":"https:\/\/coffeeinnhostel.valua.cloud\/de\/wp-json\/wp\/v2\/pages\/335"}],"collection":[{"href":"https:\/\/coffeeinnhostel.valua.cloud\/de\/wp-json\/wp\/v2\/pages"}],"about":[{"href":"https:\/\/coffeeinnhostel.valua.cloud\/de\/wp-json\/wp\/v2\/types\/page"}],"author":[{"embeddable":true,"href":"https:\/\/coffeeinnhostel.valua.cloud\/de\/wp-json\/wp\/v2\/users\/1027"}],"replies":[{"embeddable":true,"href":"https:\/\/coffeeinnhostel.valua.cloud\/de\/wp-json\/wp\/v2\/comments?post=335"}],"version-history":[{"count":0,"href":"https:\/\/coffeeinnhostel.valua.cloud\/de\/wp-json\/wp\/v2\/pages\/335\/revisions"}],"wp:attachment":[{"href":"https:\/\/coffeeinnhostel.valua.cloud\/de\/wp-json\/wp\/v2\/media?parent=335"}],"curies":[{"name":"wp","href":"https:\/\/api.w.org\/{rel}","templated":true}]}}