{"id":338,"date":"2024-09-11T20:27:31","date_gmt":"2024-09-11T18:27:31","guid":{"rendered":"https:\/\/coffeeinnhostel.valua.cloud\/mehrbettzimmer\/"},"modified":"2024-11-20T19:05:00","modified_gmt":"2024-11-20T18:05:00","slug":"mehrbettzimmer","status":"publish","type":"page","link":"https:\/\/coffeeinnhostel.valua.cloud\/de\/mehrbettzimmer\/","title":{"rendered":"Mehrbettzimmer"},"content":{"rendered":"\n<section class=\"wp-block-coffeeinnhostel-hero-3 section\"> <div class=\"container-large\"> <div class=\"home-hero-title\"> <div class=\"home-hero-title-mask\"> <h1 style=\"webkit-transform:translate3d(0, 100%, 0) scale3d(1, 1, 1) rotateX(0) rotateY(0) rotateZ(0) skew(0, 0);moz-transform:translate3d(0, 100%, 0) scale3d(1, 1, 1) rotateX(0) rotateY(0) rotateZ(0) skew(0, 0);ms-transform:translate3d(0, 100%, 0) scale3d(1, 1, 1) rotateX(0) rotateY(0) rotateZ(0) skew(0, 0);transform:translate3d(0, 100%, 0) scale3d(1, 1, 1) rotateX(0) rotateY(0) rotateZ(0) skew(0, 0)\" class=\"heading-xlarge line-1\">MEHRBETTZIMMER<\/h1> <\/div> <\/div> <\/div> <\/section>\n\n<section class=\"wp-block-coffeeinnhostel-big-image section rooms-hero\"> <div class=\"container-large\"> <div class=\"column-xlarge text-align-center\"> <div class=\"room-thumb-large-mask\"> <img decoding=\"async\" width=\"1620\" height=\"1080\" data-w-id=\"671a07f6-7d28-b214-f199-e33b8b4151a8\" src=\"https:\/\/coffeeinnhostel.valua.cloud\/wp-content\/uploads\/2024\/11\/Coffee-Inn-Hostel_Foto-von-White-Kitchen_72dpi_009-1.jpg\" sizes=\"(max-width: 479px) 100vw, (max-width: 767px) 94vw, (max-width: 991px) 92vw, 94vw\" loading=\"lazy\" class=\"room-thumb-large wp-image-287\" srcset=\"https:\/\/coffeeinnhostel.valua.cloud\/wp-content\/uploads\/2024\/11\/Coffee-Inn-Hostel_Foto-von-White-Kitchen_72dpi_009-1.jpg 1620w, https:\/\/coffeeinnhostel.valua.cloud\/wp-content\/uploads\/2024\/11\/Coffee-Inn-Hostel_Foto-von-White-Kitchen_72dpi_009-1-300x200.jpg 300w, https:\/\/coffeeinnhostel.valua.cloud\/wp-content\/uploads\/2024\/11\/Coffee-Inn-Hostel_Foto-von-White-Kitchen_72dpi_009-1-1024x683.jpg 1024w, https:\/\/coffeeinnhostel.valua.cloud\/wp-content\/uploads\/2024\/11\/Coffee-Inn-Hostel_Foto-von-White-Kitchen_72dpi_009-1-768x512.jpg 768w, https:\/\/coffeeinnhostel.valua.cloud\/wp-content\/uploads\/2024\/11\/Coffee-Inn-Hostel_Foto-von-White-Kitchen_72dpi_009-1-1536x1024.jpg 1536w\" \/> <div class=\"badge-hotel-wrap top_10\"> <img decoding=\"async\" src=\"https:\/\/coffeeinnhostel.valua.cloud\/wp-content\/themes\/coffeeinhostel\/images\/2-Coffee-Inn_Logo_3-Circular-GREEN.png\" loading=\"lazy\" width=\"154\" data-w-id=\"abaa81d8-fbe7-953a-4d05-1b9df350a038\" alt=\"\" class=\"badge-hotel\"> <\/div> <\/div> <\/div> <\/div> <\/section>\n\n<section class=\"wp-block-coffeeinnhostel-room-info section padding-bottom-0\"> <div class=\"container\"> <div class=\"rooms-content\"> <div class=\"rooms-information\"> <div> <h2 class=\"heading-small margin-32\">room description<\/h2> <div class=\"rich-text w-richtext\"> <p>Experience the camaraderie and affordable accommodation in our shared rooms. <br><br>These rooms come with 3, 4 or 6 bunk beds and are perfect for solo travellers, commuters and backpackers looking to meet new friends. Each bed has its own locker for secure storage, so your belongings are safe during your stay. <br><br>Enjoy the sociable atmosphere and socialise with people from all over the world.<\/p> <\/div> <\/div> <div> <h2 class=\"heading-small margin-32\">Room Amenities<\/h2> <div class=\"w-dyn-list\"> <div role=\"list\" class=\"grid-halves amenities w-dyn-items\">\n<div role=\"listitem\" class=\"wp-block-coffeeinnhostel-service w-dyn-item\"> <div class=\"amenities-item\">  <div class=\"text-block-5\">Free Wi-Fi<\/div> <\/div> <\/div>\n\n\n\n<div role=\"listitem\" class=\"wp-block-coffeeinnhostel-service w-dyn-item\"> <div class=\"amenities-item\">  <div class=\"text-block-5\">24\/7 Reception<\/div> <\/div> <\/div>\n\n\n\n<div role=\"listitem\" class=\"wp-block-coffeeinnhostel-service w-dyn-item\"> <div class=\"amenities-item\">  <div class=\"text-block-5\">Stadtrundfahrt Empfehlungen<\/div> <\/div> <\/div>\n\n\n\n<div role=\"listitem\" class=\"wp-block-coffeeinnhostel-service w-dyn-item\"> <div class=\"amenities-item\">  <div class=\"text-block-5\">Caf\u00e9 &amp; Bar<\/div> <\/div> <\/div>\n\n\n\n<div role=\"listitem\" class=\"wp-block-coffeeinnhostel-service w-dyn-item\"> <div class=\"amenities-item\">  <div class=\"text-block-5\">W\u00e4scherei<\/div> <\/div> <\/div>\n<\/div> <\/div> <\/div> <\/div> <\/div> <\/div> <\/section>\n\n<section class=\"wp-block-coffeeinnhostel-gallery section\"> <div class=\"container\"> <div class=\"w-dyn-list\"> <div role=\"list\" class=\"grid-halves room-list w-dyn-items\">\n<div role=\"listitem\" class=\"wp-block-coffeeinnhostel-gallery-image w-dyn-item\"> <a data-w-id=\"6c9f1076-2d09-1d88-698c-5ce42b62c326\" href=\"#\" class=\"room-item w-inline-block\"> <div class=\"room-thumb margin-24\"> <img decoding=\"async\" width=\"1024\" height=\"683\" src=\"https:\/\/coffeeinnhostel.valua.cloud\/wp-content\/uploads\/2024\/11\/Coffee-Inn-Hostel_Foto-von-White-Kitchen_72dpi_014-1-1024x683.jpg\" loading=\"lazy\" class=\"room-thumb-image wp-image-297\" srcset=\"https:\/\/coffeeinnhostel.valua.cloud\/wp-content\/uploads\/2024\/11\/Coffee-Inn-Hostel_Foto-von-White-Kitchen_72dpi_014-1-1024x683.jpg 1024w, https:\/\/coffeeinnhostel.valua.cloud\/wp-content\/uploads\/2024\/11\/Coffee-Inn-Hostel_Foto-von-White-Kitchen_72dpi_014-1-300x200.jpg 300w, https:\/\/coffeeinnhostel.valua.cloud\/wp-content\/uploads\/2024\/11\/Coffee-Inn-Hostel_Foto-von-White-Kitchen_72dpi_014-1-768x512.jpg 768w, https:\/\/coffeeinnhostel.valua.cloud\/wp-content\/uploads\/2024\/11\/Coffee-Inn-Hostel_Foto-von-White-Kitchen_72dpi_014-1-1536x1024.jpg 1536w, https:\/\/coffeeinnhostel.valua.cloud\/wp-content\/uploads\/2024\/11\/Coffee-Inn-Hostel_Foto-von-White-Kitchen_72dpi_014-1.jpg 1620w\" sizes=\"(max-width: 1024px) 100vw, 1024px\" \/>  <\/div> <div class=\"room-text\"><\/div> <\/a> <\/div>\n\n\n\n<div role=\"listitem\" class=\"wp-block-coffeeinnhostel-gallery-image w-dyn-item\"> <a data-w-id=\"6c9f1076-2d09-1d88-698c-5ce42b62c326\" href=\"#\" class=\"room-item w-inline-block\"> <div class=\"room-thumb margin-24\"> <img decoding=\"async\" width=\"1024\" height=\"683\" src=\"https:\/\/coffeeinnhostel.valua.cloud\/wp-content\/uploads\/2024\/11\/Coffee-Inn-Hostel_Foto-von-White-Kitchen_72dpi_010-1-1024x683.jpg\" loading=\"lazy\" class=\"room-thumb-image wp-image-289\" srcset=\"https:\/\/coffeeinnhostel.valua.cloud\/wp-content\/uploads\/2024\/11\/Coffee-Inn-Hostel_Foto-von-White-Kitchen_72dpi_010-1-1024x683.jpg 1024w, https:\/\/coffeeinnhostel.valua.cloud\/wp-content\/uploads\/2024\/11\/Coffee-Inn-Hostel_Foto-von-White-Kitchen_72dpi_010-1-300x200.jpg 300w, https:\/\/coffeeinnhostel.valua.cloud\/wp-content\/uploads\/2024\/11\/Coffee-Inn-Hostel_Foto-von-White-Kitchen_72dpi_010-1-768x512.jpg 768w, https:\/\/coffeeinnhostel.valua.cloud\/wp-content\/uploads\/2024\/11\/Coffee-Inn-Hostel_Foto-von-White-Kitchen_72dpi_010-1-1536x1024.jpg 1536w, https:\/\/coffeeinnhostel.valua.cloud\/wp-content\/uploads\/2024\/11\/Coffee-Inn-Hostel_Foto-von-White-Kitchen_72dpi_010-1.jpg 1620w\" sizes=\"(max-width: 1024px) 100vw, 1024px\" \/>  <\/div> <div class=\"room-text\"><\/div> <\/a> <\/div>\n\n\n\n<div role=\"listitem\" class=\"wp-block-coffeeinnhostel-gallery-image w-dyn-item\"> <a data-w-id=\"6c9f1076-2d09-1d88-698c-5ce42b62c326\" href=\"#\" class=\"room-item w-inline-block\"> <div class=\"room-thumb margin-24\"> <img decoding=\"async\" width=\"1024\" height=\"683\" src=\"https:\/\/coffeeinnhostel.valua.cloud\/wp-content\/uploads\/2024\/11\/Coffee-Inn-Hostel_Foto-von-White-Kitchen_72dpi_015-1-1024x683.jpg\" loading=\"lazy\" class=\"room-thumb-image wp-image-299\" srcset=\"https:\/\/coffeeinnhostel.valua.cloud\/wp-content\/uploads\/2024\/11\/Coffee-Inn-Hostel_Foto-von-White-Kitchen_72dpi_015-1-1024x683.jpg 1024w, https:\/\/coffeeinnhostel.valua.cloud\/wp-content\/uploads\/2024\/11\/Coffee-Inn-Hostel_Foto-von-White-Kitchen_72dpi_015-1-300x200.jpg 300w, https:\/\/coffeeinnhostel.valua.cloud\/wp-content\/uploads\/2024\/11\/Coffee-Inn-Hostel_Foto-von-White-Kitchen_72dpi_015-1-768x512.jpg 768w, https:\/\/coffeeinnhostel.valua.cloud\/wp-content\/uploads\/2024\/11\/Coffee-Inn-Hostel_Foto-von-White-Kitchen_72dpi_015-1-1536x1024.jpg 1536w, https:\/\/coffeeinnhostel.valua.cloud\/wp-content\/uploads\/2024\/11\/Coffee-Inn-Hostel_Foto-von-White-Kitchen_72dpi_015-1.jpg 1620w\" sizes=\"(max-width: 1024px) 100vw, 1024px\" \/>  <\/div> <div class=\"room-text\"><\/div> <\/a> <\/div>\n\n\n\n<div role=\"listitem\" class=\"wp-block-coffeeinnhostel-gallery-image w-dyn-item\"> <a data-w-id=\"6c9f1076-2d09-1d88-698c-5ce42b62c326\" href=\"#\" class=\"room-item w-inline-block\"> <div class=\"room-thumb margin-24\"> <img decoding=\"async\" width=\"1024\" height=\"683\" src=\"https:\/\/coffeeinnhostel.valua.cloud\/wp-content\/uploads\/2024\/11\/Coffee-Inn-Hostel_Foto-von-White-Kitchen_72dpi_005-1-1024x683.jpg\" loading=\"lazy\" class=\"room-thumb-image wp-image-279\" srcset=\"https:\/\/coffeeinnhostel.valua.cloud\/wp-content\/uploads\/2024\/11\/Coffee-Inn-Hostel_Foto-von-White-Kitchen_72dpi_005-1-1024x683.jpg 1024w, https:\/\/coffeeinnhostel.valua.cloud\/wp-content\/uploads\/2024\/11\/Coffee-Inn-Hostel_Foto-von-White-Kitchen_72dpi_005-1-300x200.jpg 300w, https:\/\/coffeeinnhostel.valua.cloud\/wp-content\/uploads\/2024\/11\/Coffee-Inn-Hostel_Foto-von-White-Kitchen_72dpi_005-1-768x512.jpg 768w, https:\/\/coffeeinnhostel.valua.cloud\/wp-content\/uploads\/2024\/11\/Coffee-Inn-Hostel_Foto-von-White-Kitchen_72dpi_005-1-1536x1024.jpg 1536w, https:\/\/coffeeinnhostel.valua.cloud\/wp-content\/uploads\/2024\/11\/Coffee-Inn-Hostel_Foto-von-White-Kitchen_72dpi_005-1.jpg 1620w\" sizes=\"(max-width: 1024px) 100vw, 1024px\" \/>  <\/div> <div class=\"room-text\"><\/div> <\/a> <\/div>\n<\/div> <\/div> <\/div> <\/section>\n\n<section class=\"wp-block-coffeeinnhostel-other-rooms section\"> <div class=\"container\"> <div class=\"column-large text-align-center margin-80\"> <h2 class=\"heading-large\">Other Rooms<\/h2> <\/div> <div class=\"w-dyn-list\"> <div role=\"list\" class=\"grid-halves room-list w-dyn-items\">\n<div role=\"listitem\" class=\"wp-block-coffeeinnhostel-another-room w-dyn-item\"><a data-w-id=\"ca1431ab-904a-a7ec-686e-8d031d4d26d4\" href=\"https:\/\/coffeeinnhostel.valua.cloud\/de\/familienzimmer\/\" class=\"room-item w-inline-block\"> <div class=\"room-thumb margin-24\"> <img decoding=\"async\" width=\"1024\" height=\"683\" src=\"https:\/\/coffeeinnhostel.valua.cloud\/wp-content\/uploads\/2024\/11\/Coffee-Inn-Hostel_Foto-von-White-Kitchen_72dpi_003-1-1024x683.jpg\" loading=\"lazy\" sizes=\"(max-width: 479px) 100vw, (max-width: 991px) 45vw, 44vw\" class=\"room-thumb-image wp-image-275\" srcset=\"https:\/\/coffeeinnhostel.valua.cloud\/wp-content\/uploads\/2024\/11\/Coffee-Inn-Hostel_Foto-von-White-Kitchen_72dpi_003-1-1024x683.jpg 1024w, https:\/\/coffeeinnhostel.valua.cloud\/wp-content\/uploads\/2024\/11\/Coffee-Inn-Hostel_Foto-von-White-Kitchen_72dpi_003-1-300x200.jpg 300w, https:\/\/coffeeinnhostel.valua.cloud\/wp-content\/uploads\/2024\/11\/Coffee-Inn-Hostel_Foto-von-White-Kitchen_72dpi_003-1-768x512.jpg 768w, https:\/\/coffeeinnhostel.valua.cloud\/wp-content\/uploads\/2024\/11\/Coffee-Inn-Hostel_Foto-von-White-Kitchen_72dpi_003-1-1536x1024.jpg 1536w, https:\/\/coffeeinnhostel.valua.cloud\/wp-content\/uploads\/2024\/11\/Coffee-Inn-Hostel_Foto-von-White-Kitchen_72dpi_003-1.jpg 1620w\" \/> <img decoding=\"async\" width=\"1024\" height=\"683\" loading=\"lazy\" data-w-id=\"ca1431ab-904a-a7ec-686e-8d031d4d26d7\" src=\"https:\/\/coffeeinnhostel.valua.cloud\/wp-content\/uploads\/2024\/11\/Coffee-Inn-Hostel_Foto-von-White-Kitchen_72dpi_006-1-1024x683.jpg\" sizes=\"100vw\" class=\"room-thumb-hover wp-image-281\" srcset=\"https:\/\/coffeeinnhostel.valua.cloud\/wp-content\/uploads\/2024\/11\/Coffee-Inn-Hostel_Foto-von-White-Kitchen_72dpi_006-1-1024x683.jpg 1024w, https:\/\/coffeeinnhostel.valua.cloud\/wp-content\/uploads\/2024\/11\/Coffee-Inn-Hostel_Foto-von-White-Kitchen_72dpi_006-1-300x200.jpg 300w, https:\/\/coffeeinnhostel.valua.cloud\/wp-content\/uploads\/2024\/11\/Coffee-Inn-Hostel_Foto-von-White-Kitchen_72dpi_006-1-768x512.jpg 768w, https:\/\/coffeeinnhostel.valua.cloud\/wp-content\/uploads\/2024\/11\/Coffee-Inn-Hostel_Foto-von-White-Kitchen_72dpi_006-1-1536x1024.jpg 1536w, https:\/\/coffeeinnhostel.valua.cloud\/wp-content\/uploads\/2024\/11\/Coffee-Inn-Hostel_Foto-von-White-Kitchen_72dpi_006-1.jpg 1620w\" \/> <\/div> <h2 class=\"heading-small margin-12\">Familienzimmer<\/h2> <div class=\"room-text\"> <p class=\"text-color-light margin-12\">Unsere ger\u00e4umigen Familienzimmer wurden speziell f\u00fcr Familien konzipiert und bieten einen komfortablen und privaten R\u00fcckzugsort. Mit einem Doppelbett f\u00fcr die Eltern und Etagenbetten f\u00fcr die Kinder k\u00f6nnen alle gut schlafen. <\/p> <\/div> <h3 class=\"heading-small\">MEHR INFOS<\/h3> <\/a> <\/div>\n\n\n\n<div role=\"listitem\" class=\"wp-block-coffeeinnhostel-another-room w-dyn-item\"><a data-w-id=\"ca1431ab-904a-a7ec-686e-8d031d4d26d4\" href=\"https:\/\/coffeeinnhostel.valua.cloud\/de\/private-zimmer\/\" class=\"room-item w-inline-block\"> <div class=\"room-thumb margin-24\"> <img decoding=\"async\" width=\"1024\" height=\"649\" src=\"https:\/\/coffeeinnhostel.valua.cloud\/wp-content\/uploads\/2024\/11\/Coffee-Inn-Hostel_Foto-von-White-Kitchen_72dpi_012-1-1024x649.jpg\" loading=\"lazy\" sizes=\"(max-width: 479px) 100vw, (max-width: 991px) 45vw, 44vw\" class=\"room-thumb-image wp-image-293\" srcset=\"https:\/\/coffeeinnhostel.valua.cloud\/wp-content\/uploads\/2024\/11\/Coffee-Inn-Hostel_Foto-von-White-Kitchen_72dpi_012-1-1024x649.jpg 1024w, https:\/\/coffeeinnhostel.valua.cloud\/wp-content\/uploads\/2024\/11\/Coffee-Inn-Hostel_Foto-von-White-Kitchen_72dpi_012-1-300x190.jpg 300w, https:\/\/coffeeinnhostel.valua.cloud\/wp-content\/uploads\/2024\/11\/Coffee-Inn-Hostel_Foto-von-White-Kitchen_72dpi_012-1-768x487.jpg 768w, https:\/\/coffeeinnhostel.valua.cloud\/wp-content\/uploads\/2024\/11\/Coffee-Inn-Hostel_Foto-von-White-Kitchen_72dpi_012-1-1536x974.jpg 1536w, https:\/\/coffeeinnhostel.valua.cloud\/wp-content\/uploads\/2024\/11\/Coffee-Inn-Hostel_Foto-von-White-Kitchen_72dpi_012-1.jpg 1703w\" \/> <img decoding=\"async\" width=\"1024\" height=\"683\" loading=\"lazy\" data-w-id=\"ca1431ab-904a-a7ec-686e-8d031d4d26d7\" src=\"https:\/\/coffeeinnhostel.valua.cloud\/wp-content\/uploads\/2024\/11\/Coffee-Inn-Hostel_Foto-von-White-Kitchen_72dpi_013-1-1024x683.jpg\" sizes=\"100vw\" class=\"room-thumb-hover wp-image-295\" srcset=\"https:\/\/coffeeinnhostel.valua.cloud\/wp-content\/uploads\/2024\/11\/Coffee-Inn-Hostel_Foto-von-White-Kitchen_72dpi_013-1-1024x683.jpg 1024w, https:\/\/coffeeinnhostel.valua.cloud\/wp-content\/uploads\/2024\/11\/Coffee-Inn-Hostel_Foto-von-White-Kitchen_72dpi_013-1-300x200.jpg 300w, https:\/\/coffeeinnhostel.valua.cloud\/wp-content\/uploads\/2024\/11\/Coffee-Inn-Hostel_Foto-von-White-Kitchen_72dpi_013-1-768x512.jpg 768w, https:\/\/coffeeinnhostel.valua.cloud\/wp-content\/uploads\/2024\/11\/Coffee-Inn-Hostel_Foto-von-White-Kitchen_72dpi_013-1-1536x1024.jpg 1536w, https:\/\/coffeeinnhostel.valua.cloud\/wp-content\/uploads\/2024\/11\/Coffee-Inn-Hostel_Foto-von-White-Kitchen_72dpi_013-1.jpg 1620w\" \/> <\/div> <h2 class=\"heading-small margin-12\">PRIVATE ZIMMER<\/h2> <div class=\"room-text\"> <p class=\"text-color-light margin-12\">F\u00fcr alle, die Privatsph\u00e4re suchen, bieten unsere Privatzimmer Komfort zu Hostelpreisen. Genie\u00dfe den Luxus eines Kingsize-Bettes, eines Nachttisches und eines Fernsehers mit der Option eines zus\u00e4tzlichen Etagenbettes f\u00fcr weitere G\u00e4ste oder Kinder. <\/p> <\/div> <h3 class=\"heading-small\">MEHR INFOS<\/h3> <\/a> <\/div>\n<\/div> <\/div> <\/div> <\/section>\n","protected":false},"excerpt":{"rendered":"","protected":false},"author":1027,"featured_media":0,"parent":0,"menu_order":0,"comment_status":"closed","ping_status":"closed","template":"template-rooms.php","meta":{"_acf_changed":false,"footnotes":""},"class_list":["post-338","page","type-page","status-publish","hentry"],"acf":[],"_links":{"self":[{"href":"https:\/\/coffeeinnhostel.valua.cloud\/de\/wp-json\/wp\/v2\/pages\/338"}],"collection":[{"href":"https:\/\/coffeeinnhostel.valua.cloud\/de\/wp-json\/wp\/v2\/pages"}],"about":[{"href":"https:\/\/coffeeinnhostel.valua.cloud\/de\/wp-json\/wp\/v2\/types\/page"}],"author":[{"embeddable":true,"href":"https:\/\/coffeeinnhostel.valua.cloud\/de\/wp-json\/wp\/v2\/users\/1027"}],"replies":[{"embeddable":true,"href":"https:\/\/coffeeinnhostel.valua.cloud\/de\/wp-json\/wp\/v2\/comments?post=338"}],"version-history":[{"count":0,"href":"https:\/\/coffeeinnhostel.valua.cloud\/de\/wp-json\/wp\/v2\/pages\/338\/revisions"}],"wp:attachment":[{"href":"https:\/\/coffeeinnhostel.valua.cloud\/de\/wp-json\/wp\/v2\/media?parent=338"}],"curies":[{"name":"wp","href":"https:\/\/api.w.org\/{rel}","templated":true}]}}