{"id":339,"date":"2024-09-11T20:15:51","date_gmt":"2024-09-11T18:15:51","guid":{"rendered":"https:\/\/coffeeinnhostel.valua.cloud\/datenschutzerklaerung\/"},"modified":"2024-11-13T17:39:56","modified_gmt":"2024-11-13T16:39:56","slug":"datenschutzerklaerung","status":"publish","type":"page","link":"https:\/\/coffeeinnhostel.valua.cloud\/de\/datenschutzerklaerung\/","title":{"rendered":"Datenschutzerkl\u00e4rung"},"content":{"rendered":"\n<section class=\"wp-block-coffeeinnhostel-legal section-7\"> <div class=\"w-layout-blockcontainer w-container\"> <h1 class=\"heading-5\">Datenschutzerkl\u00e4rung<\/h1> <p class=\"paragraph-6 ci\"><strong>1. Datenschutz, Verantwortlicher und Datenschutzbeauftragter<\/strong><br>Im Folgenden informieren wir Sie \u00fcber die Erhebung personenbezogener Daten bei Nutzung unserer Website.<br>Personenbezogene Daten sind alle Daten, die auf Sie pers\u00f6nlich beziehbar sind, z. B. Name, Adresse, E-Mail-Adressen, Telefonnummer, Nutzerverhalten.<br>Verantwortlicher f\u00fcr die Verarbeitung Ihrer personenbezogenen Daten \u00fcber diese Website ist die<br>Hostel Berlin Betriebsgesellschaft mbH<br>Datenschutzbeauftragter: Mario Mandac<br>Potsdamer Stra\u00dfe 180<br>10783 Berlin<br>Deutschland<br><br>Unseren Datenschutzbeauftragten erreichen Sie unter der E-Mail mario.mandac@hotelite-goup.com oder unserer Postadresse mit dem Zusatz \u201ez.Hd. des Datenschutzbeauftragten Mario Mandac\u201c.<br><br><strong>2. Hinweis zur Datenweitergabe in die USA<\/strong><br>Auf unserer Website sind unter anderem Tools und Plugins von Unternehmen mit Sitz in den USA eingebunden. Wenn diese aktiv sind, k\u00f6nnen Ihre personenbezogenen Daten an die US-Server der jeweiligen Unternehmen weitergegeben werden. Wir weisen darauf hin, dass die USA kein sicherer Drittstaat im Sinne des EU-Datenschutzrechts sind. US-Unternehmen sind dazu verpflichtet, personenbezogene Daten an Sicherheitsbeh\u00f6rden herauszugeben, ohne dass Sie als Betroffener hiergegen gerichtlich vorgehen k\u00f6nnten. Es kann daher nicht ausgeschlossen werden, dass US-Beh\u00f6rden (z. B. Geheimdienste) Ihre auf US-Servern befindlichen Daten zu \u00dcberwachungszwecken verarbeiten, auswerten und dauerhaft speichern. Wir haben auf diese Verarbeitungst\u00e4tigkeiten keinen Einfluss.     <br><br><strong>3. Personenbezogene Daten<\/strong><br>(a) Bei der blo\u00df informatorischen Nutzung der Website, also wenn Sie sich nicht registrieren oder uns anderweitig Informationen \u00fcbermitteln, erheben wir nur die personenbezogenen Daten, die Ihr Browser an unseren Server \u00fcbermittelt. Wenn Sie unsere Website betrachten m\u00f6chten, erheben wir die folgenden Daten, die f\u00fcr uns technisch erforderlich sind, um Ihnen unsere Website anzuzeigen und die Stabilit\u00e4t und Sicherheit zu gew\u00e4hrleisten (Rechtsgrundlage ist Art. 6 Abs. 1 S. 1 lit. f DS-GVO):<br><br>&#8211; IP-Adresse<br>&#8211; Datum und Uhrzeit der Anfrage<br>&#8211; Zeitzonendifferenz zur Greenwich Mean Time (GMT)<br>&#8211; Inhalt der Anforderung (konkrete Seite)<br>&#8211; Zugriffsstatus\/HTTP-Statuscode<br>&#8211; jeweils \u00fcbertragene Datenmenge<br>&#8211; Website, von der die Anforderung kommt<br>&#8211; Browser<br>&#8211; Betriebssystem und dessen Oberfl\u00e4che<br>&#8211; Sprache und Version der Browsersoftware <br><br>Logfile-Informationen werden aus Sicherheitsgr\u00fcnden (z. B. zur Aufkl\u00e4rung von Missbrauchs- oder Betrugshandlungen) f\u00fcr die Dauer von maximal 7 Tagen gespeichert und danach gel\u00f6scht. Daten, deren weitere Aufbewahrung zu Beweiszwecken erforderlich ist, sind bis zur endg\u00fcltigen Kl\u00e4rung des jeweiligen Vorfalls von der L\u00f6schung ausgenommen. Rechtsgrundlage ist Art. 6 Abs. 1 lit. f DSGVO.<br><br>(b) Dar\u00fcber hinaus werden personenbezogene Daten nur dann von uns erhoben und auch nur in dem Umfang, wie Sie diese Daten von sich aus, uns z. B. im Rahmen einer Kontaktaufnahme oder einer Bewerbung zur Verf\u00fcgung stellen. Wir behandeln diese Daten vertraulich und verwenden sie nur f\u00fcr den urspr\u00fcnglichen Grund und Zweck der \u00dcbermittlung, d. h. in der Regel zur Bearbeitung und Abwicklung Ihrer Anfrage. Die Daten werden grunds\u00e4tzlich nicht an Dritte weitergegeben, es sei denn, dies ist gesetzlich vorgeschrieben oder zul\u00e4ssig, Sie haben uns Ihre Einwilligung erteilt oder es liegt eine beh\u00f6rdliche Anordnung vor. Wenn sich Ihre Anfrage an eines unserer Konzernunternehmen richtet, leiten wir Ihre Anfrage selbstverst\u00e4ndlich an dieses weiter. Wenn Sie uns per E-Mail kontaktieren, wird Ihre E-Mail in unserem Mailsystem gespeichert. Wir k\u00f6nnen Ihre Anfrage und die damit zusammenh\u00e4ngenden Daten in unserem CRM-System speichern. Die E-Mails selbst werden nicht verschl\u00fcsselt gespeichert. Unser Kontaktformular wird f\u00fcr den Transport \u00fcber SSL\/TLS verschl\u00fcsselt, was Sie am \u201ehttps\u201c vor der URL erkennen k\u00f6nnen. Unser Mailserver beherrscht ebenfalls die g\u00e4ngigen Transportverschl\u00fcsselungsprotokolle. Rechtsgrundlage hierf\u00fcr ist Art. 6 Abs. 1 lit. b DSGVO.           <br><br><strong>4. Google Analytics<\/strong><br>Diese Website nutzt Funktionen des Webanalysedienstes Google Analytics. Anbieter ist die Google Ireland Limited (\u201eGoogle\u201c), Gordon House, Barrow Street, Dublin 4, Irland.<br>Google Analytics erm\u00f6glicht es dem Websitebetreiber, das Verhalten der Websitebesucher zu analysieren. Hierbei erh\u00e4lt der Websitebetreiber verschiedene Nutzungsdaten, wie z.B. Seitenaufrufe, Verweildauer, verwendete Betriebssysteme und Herkunft des Nutzers. Diese Daten k\u00f6nnen von Google in einem Profil zusammengefasst werden, das dem jeweiligen Nutzer oder seinem Ger\u00e4t zugeordnet ist. Google Analytics verwendet Technologien, die die Wiedererkennung des Nutzers zum Zwecke der Analyse des Nutzerverhaltens erm\u00f6glichen (z. B. Cookies oder Device-Fingerprinting). Die von Google erfassten Informationen \u00fcber die Benutzung dieser Website werden in der Regel an einen Server von Google in den USA \u00fcbertragen und dort gespeichert.<br>Die Nutzung dieses Analyse-Tools erfolgt auf Grundlage von Art. 6 Abs. 1 lit. f DSGVO. Der Websitebetreiber hat ein berechtigtes Interesse an der Analyse des Nutzerverhaltens, um sowohl sein Webangebot als auch seine Werbung zu optimieren. Sofern eine entsprechende Einwilligung abgefragt wurde (z. B. eine Einwilligung zur Speicherung von Cookies), erfolgt die Verarbeitung ausschlie\u00dflich auf Grundlage von Art. 6 Abs. 1 lit. a DSGVO; die Einwilligung ist jederzeit widerrufbar.<br>Die Daten\u00fcbertragung in die USA wird auf die Standardvertragsklauseln der EU-Kommission gest\u00fctzt.<br>Details finden Sie hier:        <br><a href=\"https:\/\/privacy.google.com\/businesses\/controllerterms\/mccs\/\" target=\"_blank\" rel=\"noreferrer noopener\">https:\/\/privacy.google.com\/businesses\/controllerterms\/mccs\/<\/a>.<br><br>IP-Anonymisierung<br>Wir haben auf dieser Website die Funktion IP-Anonymisierung aktiviert. Dadurch wird Ihre IP-Adresse von Google innerhalb von Mitgliedstaaten der Europ\u00e4ischen Union oder in anderen Vertragsstaaten des Abkommens \u00fcber den Europ\u00e4ischen Wirtschaftsraum vor der \u00dcbermittlung in die USA gek\u00fcrzt. Nur in Ausnahmef\u00e4llen wird die volle IP-Adresse an einen Server von Google in den USA \u00fcbertragen und dort gek\u00fcrzt. Im Auftrag des Betreibers dieser Website wird Google diese Informationen benutzen, um Ihre Nutzung der Website auszuwerten, um Reports \u00fcber die Websiteaktivit\u00e4ten zusammenzustellen und um weitere mit der Websitenutzung und der Internetnutzung verbundene Dienstleistungen gegen\u00fcber dem Websitebetreiber zu erbringen. Die im Rahmen von Google Analytics von Ihrem Browser \u00fcbermittelte IP-Adresse wird nicht mit anderen Daten von Google zusammengef\u00fchrt.    <br><br>Browser-Plugin<br>Sie k\u00f6nnen die Erfassung und Verarbeitung Ihrer Daten durch Google verhindern, indem Sie das unter dem folgenden Link verf\u00fcgbare Browser-Plugin herunterladen und installieren:<br><a href=\"https:\/\/tools.google.com\/dlpage\/gaoptout?hl=en\" target=\"_blank\" rel=\"noreferrer noopener\">https:\/\/tools.google.com\/dlpage\/gaoptout?hl=en<\/a>.<br>Mehr Informationen zum Umgang mit Nutzerdaten bei Google Analytics finden Sie in der Datenschutzerkl\u00e4rung von Google:<br><a href=\"https:\/\/support.google.com\/analytics\/answer\/6004245?hl=en\" target=\"_blank\" rel=\"noreferrer noopener\">https:\/\/support.google.com\/analytics\/answer\/6004245?hl=en<\/a>.<br><br>Auftragsverarbeitung<br>Wir haben mit Google einen Vertrag zur Auftragsverarbeitung abgeschlossen und setzen die strengen Vorgaben der deutschen Datenschutzbeh\u00f6rden bei der Nutzung von Google Analytics vollst\u00e4ndig um.<br><br>Demografische Merkmale in Google Analytics<br>Diese Website nutzt die Funktion \u201edemografische Merkmale\u201c von Google Analytics, um den Websitebesuchern passende Werbeanzeigen innerhalb des Google-Werbenetzwerks anzeigen zu k\u00f6nnen.<br><br>Dadurch k\u00f6nnen Berichte erstellt werden, die Aussagen zu Alter, Geschlecht und Interessen der Seitenbesucher enthalten. Diese Daten stammen aus interessenbezogener Werbung von Google sowie aus Besucherdaten von Drittanbietern. Diese Daten k\u00f6nnen keiner bestimmten Person zugeordnet werden. Sie k\u00f6nnen diese Funktion jederzeit \u00fcber die Anzeigeneinstellungen in Ihrem Google-Konto deaktivieren oder die Erfassung Ihrer Daten durch Google Analytics wie im Punkt \u201eWiderspruch gegen Datenerfassung\u201c dargestellt generell untersagen.   <br><br><strong>5. Hosting bei NetEffect<\/strong><br>Wir hosten unsere Website bei NetEffect. Anbieter ist Neteffect, Ludwig-Richter-Stra\u00dfe 20, 52329 Wuppertal, Deutschland. Wenn Sie unsere Website besuchen, werden Ihre personenbezogenen Daten auf den Servern von Neteffect verarbeitet. Die Daten\u00fcbertragung basiert auf den EU-Standardvertragsklauseln. Details finden Sie hier: <a href=\"https:\/\/net-effect.de\/\" target=\"_blank\" rel=\"noreferrer noopener\">https:\/\/net-effect.de\/<\/a>    <br><br><strong>6. Social Media<\/strong><br>Rechtsgrundlage f\u00fcr diese Verarbeitung Ihrer personenbezogenen Daten ist unser berechtigtes Interesse an der Kommunikation mit unseren Interessenten und Kunden sowie der Analyse und Weiterentwicklung von Dienstleistungen und Produkten sowie der Verbesserung von Gesch\u00e4ftsprozessen (Artikel 6 Absatz 1 Buchstabe f DSGVO). Der direkte Kundenkontakt erfolgt auch \u00fcber unseren Social-Media-Support, wobei die Verarbeitung auf unserem Vertragsverh\u00e4ltnis oder den vorvertraglichen Ma\u00dfnahmen mit Interessenten beruht (Artikel 6 Absatz 1 Buchstabe b DSGVO). <br><br>Weitere Informationen zu den Social-Media-Plattformen:<br><br>Facebook und Instagram: Facebook Ireland Ltd., 4 Grand Canal Square, Grand Canal Harbour, Dublin 2, Irland<br>Wir sind gemeinsam mit Facebook f\u00fcr die Verarbeitung von Insights-Daten auf der Facebook-Fanpage verantwortlich. Die entsprechende Vereinbarung gem\u00e4\u00df Artikel 26 DSGVO finden Sie hier: <br><a href=\"https:\/\/www.facebook.com\/legal\/terms\/page_controller_addendum\" target=\"_blank\" rel=\"noreferrer noopener\">https:\/\/www.facebook.com\/legal\/terms\/page_controller_addendum<\/a>. Weitere Informationen zu Seiten-Insights finden Sie unter <br><a href=\"https:\/\/www.facebook.com\/legal\/terms\/information_about_page_insights_data\" target=\"_blank\" rel=\"noreferrer noopener\">https:\/\/www.facebook.com\/legal\/terms\/information_about_page_insights_data<\/a>.<br>Die allgemeine Nutzung von Facebook erfolgt auf Ihr eigenes Risiko. Die Datenschutzhinweise von Facebook finden Sie direkt auf unserer Facebook-Fanpage.<br>Sie k\u00f6nnen Ihre Anfragen f\u00fcr personalisierte Werbung von Facebook jederzeit in Ihren Facebook-Einstellungen bearbeiten und ablehnen. <br><br>YouTube: Google LLC, 1600 Amphitheatre Parkway, Mountain View, CA 94043, USA.<br>Weitere Informationen zum Datenschutz und zu den personenbezogenen Daten, die w\u00e4hrend der Integration mit Google\/YouTube erhoben werden, finden Sie in der folgenden Datenschutzerkl\u00e4rung: <a href=\"https:\/\/www.google.com\/policies\/privacy\/\" target=\"_blank\" rel=\"noreferrer noopener\">https:\/\/www.google.com\/policies\/privacy\/<\/a><br>Ein Opt-out ist ebenfalls m\u00f6glich: <a href=\"https:\/\/adssettings.google.com\/authenticated\" target=\"_blank\" rel=\"noreferrer noopener\">https:\/\/adssettings.google.com\/authenticated<\/a><br><br>LinkedIn: LinkedIn Ireland Unlimited Company, Wilton Place, Dublin 2, Irland.<br>Wir verf\u00fcgen auch \u00fcber ein Unternehmensprofil auf der Netzwerkplattform LinkedIn. Wenn Sie dort Mitglied sind, kann LinkedIn den Zugriff auf die Inhalte und Funktionen unseres Profils Ihrem dortigen Benutzerprofil zuordnen. Weitere Informationen finden Sie in den Datenschutzhinweisen von LinkedIn Ireland unter: <br><a href=\"https:\/\/www.linkedin.com\/legal\/privacy-policy?trk=homepage-basic_footer-privacy-policy\" target=\"_blank\" rel=\"noreferrer noopener\">https:\/\/www.linkedin.com\/legal\/privacy-policy?trk=homepage-basic_footer-privacy-policy<\/a><br><br>Xing: New Work SE, Dammtorstra\u00dfe 30, 20354 Hamburg, Deutschland.<br>Wir unterhalten auch ein Unternehmensprofil auf der Netzwerkplattform Xing. Wenn Sie dort Mitglied sind, kann Xing den Zugriff auf die Inhalte und Funktionen unseres Profils Ihrem dortigen Benutzerprofil zuordnen. Weitere Informationen entnehmen Sie bitte den Datenschutzhinweisen der New Work SE unter: <br><a href=\"https:\/\/privacy.xing.com\/en\/datenschutzerklaerung\" target=\"_blank\" rel=\"noreferrer noopener\">https:\/\/privacy.xing.com\/en\/datenschutzerklaerung<\/a>.<br><br><strong>7. Videoinhalte<\/strong><br>Youtube und Vimeo<br>Wir betten Videos auf unserer Website ein. Der Inhalt dieser Videos wird direkt auf den Plattformen gespeichert und auf unserer Website integriert. Wenn Sie ein solches Video aufrufen, werden die IP-Adresse, technische Informationen wie Browser, Betriebssystem und grundlegende Ger\u00e4teinformationen sowie die von Ihnen besuchte Website \u00fcbermittelt. Dar\u00fcber hinaus haben wir die YouTube-Videos datenschutzfreundlich im \u201eerweiterten Datenschutzmodus\u201c eingebettet.<br><br>Personenbezogene Daten werden erst \u00fcbertragen, wenn Sie ein Video aufrufen. Erst dann wird eine Serververbindung zu Youtube und Vimeo hergestellt und ein entsprechendes Cookie gesetzt, das der Speicherung Ihrer Einstellungen dient. Mit dem Aufruf der Videos verlassen Sie unseren Bereich und gelangen auf die externen Plattformen von Youtube und Vimeo, die au\u00dferhalb unseres Einflussbereichs liegen.<br><br>Vor dem Aufruf eines Videos werden Sie nochmals darauf hingewiesen. Wenn Sie bei dem Anbieter des Videodienstes ein Konto haben, kann dieser Sie ggf. identifizieren. Dies k\u00f6nnen Sie vermeiden, indem Sie sich vor dem Abspielen eines Videos von Ihrem Konto abmelden.<br>Rechtsgrundlage f\u00fcr die Aktivierung dieser Videos ist Ihre Einwilligung gem\u00e4\u00df Artikel 6 Absatz 1 Buchstabe a DSGVO, die mit Ihrer Zustimmung zur Verwendung von Cookies verbunden ist.       <br><br>Anbieter der YouTube-Plattform<br>Google Ireland Limited, Gordon House, Barrow Street, Dublin 4, Irland. Google Ireland Limited, Gordon House, Barrow Street, Dublin 4, Irland. Weitere Informationen zum Datenschutz bei Google \/ YouTube finden Sie hier: https:\/\/www.google.com\/policies\/privacy\/. Ein genereller Widerspruch gegen Werbung ist hier m\u00f6glich:  <br><a href=\"https:\/\/adssettings.google.com\/authenticated\" target=\"_blank\" rel=\"noreferrer noopener\">https:\/\/adssettings.google.com\/authenticated<\/a>.<br><br>Anbieter der Plattform Vimeo<br>Vimeo, LLC, 555 West 18th Street, New York, NY 10011, USA. Vimeo, LLC, 555 West 18th Street, New York, NY 10011, USA. Weitere Informationen zum Datenschutz bei Vimeo finden Sie hier:<br> <a href=\"https:\/\/livestream.com\/legal\/cookie-preferences\" target=\"_blank\" rel=\"noreferrer noopener\">https:\/\/livestream.com\/legal\/cookie-preferences<\/a>  <br><br><strong>8. Ihre Rechte<\/strong><br>(1) Auskunftsrecht: Gem\u00e4\u00df Artikel 15 DSGVO haben Sie jederzeit das Recht auf Auskunft, ob wir personenbezogene Daten von Ihnen verarbeiten. Ist dies der Fall, ergeben sich hieraus weitere Informationspflichten unsererseits. <br>(2) Recht auf Berichtigung: Sie haben au\u00dferdem das Recht auf Berichtigung der Daten nach Art. 16 DSGVO, auf L\u00f6schung der Daten nach Art. 17 DSGVO und auf Einschr\u00e4nkung der Verarbeitung der Daten nach Art. 18 DSGVO, wenn dem keine anderen gesetzlichen Vorgaben entgegenstehen.<br>(3) Recht auf L\u00f6schung: Sie k\u00f6nnen Ihre gem\u00e4\u00df Artikel 6 Absatz 1 Buchstabe a oder Artikel 9 Absatz 2 Buchstabe a DSGVO erteilte Einwilligung zur Verarbeitung der Daten selbstverst\u00e4ndlich jederzeit ohne Angabe von Gr\u00fcnden widerrufen.<br>Dies hat bis zum Widerruf keinen Einfluss auf die Rechtm\u00e4\u00dfigkeit der Verarbeitung.<br>(4) Recht auf Einschr\u00e4nkung der Verarbeitung: In den folgenden F\u00e4llen k\u00f6nnen Sie sich bez\u00fcglich<br>einer Einschr\u00e4nkung der Verarbeitung gem\u00e4\u00df Artikel 18 DSGVO an uns wenden:<br>&#8211; Sie haben die Richtigkeit der Daten bestritten und wir sollten sie in der Zwischenzeit nicht verwenden, bis<br>zur abschlie\u00dfenden \u00dcberpr\u00fcfung nicht verwenden<br>Die Verarbeitung ist rechtswidrig, Sie m\u00f6chten aber keine L\u00f6schung, sondern eine Einschr\u00e4nkung der Verarbeitung<br>Wir ben\u00f6tigen die Daten nicht mehr und w\u00fcrden sie l\u00f6schen, Sie ben\u00f6tigen sie aber noch zur Geltendmachung, Aus\u00fcbung oder Verteidigung von Rechtsanspr\u00fcchen<br>Sie haben Widerspruch gegen die Datenverarbeitung eingelegt, dieser wird aber noch gepr\u00fcft.<br>Im Falle einer Einschr\u00e4nkung stellen wir sicher, dass die personenbezogenen Daten von uns nicht weiterverarbeitet oder ver\u00e4ndert werden k\u00f6nnen. Wurde die Verarbeitungseinschr\u00e4nkung nach den o.g. Voraussetzungen eingeschr\u00e4nkt, werden Sie von dem Verantwortlichen unterrichtet bevor die Einschr\u00e4nkung aufgehoben wird.<br>(5) Recht auf Daten\u00fcbertragbarkeit: Sie haben das Recht, die Sie betreffenden personenbezogenen Daten, die Sie uns bereitgestellt haben, in einem strukturierten, g\u00e4ngigen und maschinenlesbaren Format zu erhalten und ggf. an Dritte zu \u00fcbermitteln. Das Recht auf Daten\u00fcbertragbarkeit gilt nicht f\u00fcr eine Verarbeitung personenbezogener Daten, die f\u00fcr die Wahrnehmung einer Aufgabe erforderlich ist, die im \u00f6ffentlichen Interesse liegt oder in Aus\u00fcbung \u00f6ffentlicher Gewalt erfolgt, die dem Verantwortlichen \u00fcbertragen wurde gem\u00e4\u00df Artikel 20 DSGVO.<br><br>(6) Widerspruchsrecht: Dar\u00fcber hinaus haben Sie das Recht, der Verarbeitung der Daten gem\u00e4\u00df Artikel 21 DSGVO zu widersprechen, insbesondere bei der Verarbeitung auf der Grundlage von Artikel 6 Absatz 1 lit. Bei Aus\u00fcbung eines solchen Widerspruchs bitten wir Sie, die Gr\u00fcnde darzulegen, warum wir Ihre personenbezogenen Daten nicht wie von uns durchgef\u00fchrt verarbeiten sollten. Im Falle Ihres begr\u00fcndeten Widerspruchs pr\u00fcfen wir die Sachlage und werden entweder die Datenverarbeitung einstellen bzw. anpassen oder Ihnen unsere zwingenden schutzw\u00fcrdigen Gr\u00fcnde aufzeigen, aufgrund derer wir die Verarbeitung fortf\u00fchren.<br>(7) Beschwerderecht: Sie haben ferner das Recht, eine Beschwerde bei der f\u00fcr Sie zust\u00e4ndigen Aufsichtsbeh\u00f6rde einzulegen, die Sie hier finden<br>(<a href=\"https:\/\/www.bfdi.bund.de\/DE\/Infothek\/Anschriften_Links\/anschriften_links-node.html\" target=\"_blank\" rel=\"noreferrer noopener\">https:\/\/www.bfdi.bund.de\/DE\/Infothek\/Anschriften_Links\/anschriften_links-node.html<\/a>)    <br><br><br><br>Status: Mai 2024<br><\/p> <\/div> <\/section>\n","protected":false},"excerpt":{"rendered":"","protected":false},"author":1027,"featured_media":0,"parent":0,"menu_order":0,"comment_status":"closed","ping_status":"closed","template":"","meta":{"_acf_changed":false,"footnotes":""},"class_list":["post-339","page","type-page","status-publish","hentry"],"acf":[],"_links":{"self":[{"href":"https:\/\/coffeeinnhostel.valua.cloud\/de\/wp-json\/wp\/v2\/pages\/339"}],"collection":[{"href":"https:\/\/coffeeinnhostel.valua.cloud\/de\/wp-json\/wp\/v2\/pages"}],"about":[{"href":"https:\/\/coffeeinnhostel.valua.cloud\/de\/wp-json\/wp\/v2\/types\/page"}],"author":[{"embeddable":true,"href":"https:\/\/coffeeinnhostel.valua.cloud\/de\/wp-json\/wp\/v2\/users\/1027"}],"replies":[{"embeddable":true,"href":"https:\/\/coffeeinnhostel.valua.cloud\/de\/wp-json\/wp\/v2\/comments?post=339"}],"version-history":[{"count":0,"href":"https:\/\/coffeeinnhostel.valua.cloud\/de\/wp-json\/wp\/v2\/pages\/339\/revisions"}],"wp:attachment":[{"href":"https:\/\/coffeeinnhostel.valua.cloud\/de\/wp-json\/wp\/v2\/media?parent=339"}],"curies":[{"name":"wp","href":"https:\/\/api.w.org\/{rel}","templated":true}]}}