{"id":344,"date":"2024-09-11T20:25:48","date_gmt":"2024-09-11T18:25:48","guid":{"rendered":"https:\/\/coffeeinnhostel.valua.cloud\/the-coffee\/"},"modified":"2024-11-15T11:12:24","modified_gmt":"2024-11-15T10:12:24","slug":"the-coffee","status":"publish","type":"page","link":"https:\/\/coffeeinnhostel.valua.cloud\/de\/the-coffee\/","title":{"rendered":"The Coffee"},"content":{"rendered":"\n<section class=\"wp-block-coffeeinnhostel-hero section home-hero\"> <div class=\"container-large\"> <div class=\"home-hero-title\"> <div class=\"home-hero-title-mask\"> <h1 class=\"heading-xlarge line-1\">THE CAF\u00c9<\/h1> <\/div> <div class=\"home-hero-title-mask\"> <h1 class=\"heading-xlarge line-2\">&amp; BAR<\/h1> <\/div>  <\/div> <\/div> <\/section>\n\n<section class=\"wp-block-coffeeinnhostel-big-image section rooms-hero\"> <div class=\"container-large\"> <div class=\"column-xlarge text-align-center\"> <div class=\"room-thumb-large-mask\"> <img decoding=\"async\" width=\"1620\" height=\"1080\" data-w-id=\"671a07f6-7d28-b214-f199-e33b8b4151a8\" src=\"https:\/\/coffeeinnhostel.valua.cloud\/wp-content\/uploads\/2024\/11\/Coffee-Inn-Hostel_Foto-von-White-Kitchen_72dpi_018-1.jpg\" sizes=\"(max-width: 479px) 100vw, (max-width: 767px) 94vw, (max-width: 991px) 92vw, 94vw\" loading=\"lazy\" class=\"room-thumb-large wp-image-305\" srcset=\"https:\/\/coffeeinnhostel.valua.cloud\/wp-content\/uploads\/2024\/11\/Coffee-Inn-Hostel_Foto-von-White-Kitchen_72dpi_018-1.jpg 1620w, https:\/\/coffeeinnhostel.valua.cloud\/wp-content\/uploads\/2024\/11\/Coffee-Inn-Hostel_Foto-von-White-Kitchen_72dpi_018-1-300x200.jpg 300w, https:\/\/coffeeinnhostel.valua.cloud\/wp-content\/uploads\/2024\/11\/Coffee-Inn-Hostel_Foto-von-White-Kitchen_72dpi_018-1-1024x683.jpg 1024w, https:\/\/coffeeinnhostel.valua.cloud\/wp-content\/uploads\/2024\/11\/Coffee-Inn-Hostel_Foto-von-White-Kitchen_72dpi_018-1-768x512.jpg 768w, https:\/\/coffeeinnhostel.valua.cloud\/wp-content\/uploads\/2024\/11\/Coffee-Inn-Hostel_Foto-von-White-Kitchen_72dpi_018-1-1536x1024.jpg 1536w\" \/> <div class=\"badge-hotel-wrap top_10\"> <img decoding=\"async\" src=\"https:\/\/coffeeinnhostel.valua.cloud\/wp-content\/themes\/coffeeinhostel\/images\/2-Coffee-Inn_Logo_3-Circular-GREEN.png\" loading=\"lazy\" width=\"154\" data-w-id=\"abaa81d8-fbe7-953a-4d05-1b9df350a038\" alt=\"\" class=\"badge-hotel\"> <\/div> <\/div> <\/div> <\/div> <\/section>\n\n<section class=\"wp-block-coffeeinnhostel-big-text section coffee\"> <div class=\"container\"> <div class=\"column-large\"> <h2 class=\"heading-large margin-80\">Willkommen in unserem gem\u00fctlichen Caf\u00e9, in dem wir eine gro\u00dfe Auswahl an Getr\u00e4nken und Leckereien zum Verzehr vor Ort oder zum Mitnehmen anbieten.<\/h2> <\/div> <\/div> <\/section>\n\n<section class=\"wp-block-coffeeinnhostel-three-columns section-2\"> <h1 class=\"heading-3\"><strong>UNSER GETR\u00c4NKEANGEBOT<\/strong><\/h1> <div class=\"columns w-row\"> <div class=\"w-col w-col-4 w-col-stack\"> <img decoding=\"async\" width=\"683\" height=\"1024\" src=\"https:\/\/coffeeinnhostel.valua.cloud\/wp-content\/uploads\/2024\/11\/Coffee-Inn-Hostel_Foto-von-White-Kitchen_72dpi_028-1-683x1024.jpg\" loading=\"lazy\" sizes=\"(max-width: 479px) 87vw, (max-width: 767px) 92vw, (max-width: 991px) 94vw, 31vw\" alt=\"\" class=\"wp-image-327\" srcset=\"https:\/\/coffeeinnhostel.valua.cloud\/wp-content\/uploads\/2024\/11\/Coffee-Inn-Hostel_Foto-von-White-Kitchen_72dpi_028-1-683x1024.jpg 683w, https:\/\/coffeeinnhostel.valua.cloud\/wp-content\/uploads\/2024\/11\/Coffee-Inn-Hostel_Foto-von-White-Kitchen_72dpi_028-1-200x300.jpg 200w, https:\/\/coffeeinnhostel.valua.cloud\/wp-content\/uploads\/2024\/11\/Coffee-Inn-Hostel_Foto-von-White-Kitchen_72dpi_028-1-768x1152.jpg 768w, https:\/\/coffeeinnhostel.valua.cloud\/wp-content\/uploads\/2024\/11\/Coffee-Inn-Hostel_Foto-von-White-Kitchen_72dpi_028-1-1024x1536.jpg 1024w, https:\/\/coffeeinnhostel.valua.cloud\/wp-content\/uploads\/2024\/11\/Coffee-Inn-Hostel_Foto-von-White-Kitchen_72dpi_028-1.jpg 1080w\" \/> <h1 class=\"heading-2\"><strong class=\"bold-text-8\">KAFFEE<\/strong><\/h1> <p class=\"paragraph-3\">Genie\u00dfen Sie das reiche Aroma und den Geschmack unseres frisch gebr\u00fchten Kaffees, der aus hochwertigen Bohnen hergestellt wird. W\u00e4hlen Sie aus einer Vielzahl von Optionen wie Espresso, Cappuccino, Latte und mehr. <\/p> <\/div> <div class=\"w-col w-col-4 w-col-stack\"> <img decoding=\"async\" width=\"683\" height=\"1024\" src=\"https:\/\/coffeeinnhostel.valua.cloud\/wp-content\/uploads\/2024\/11\/Coffee-Inn-Hostel_Foto-von-White-Kitchen_72dpi_022b-683x1024.jpg\" loading=\"lazy\" sizes=\"(max-width: 479px) 87vw, (max-width: 767px) 92vw, (max-width: 991px) 94vw, 31vw\" alt=\"\" class=\"wp-image-345\" srcset=\"https:\/\/coffeeinnhostel.valua.cloud\/wp-content\/uploads\/2024\/11\/Coffee-Inn-Hostel_Foto-von-White-Kitchen_72dpi_022b-683x1024.jpg 683w, https:\/\/coffeeinnhostel.valua.cloud\/wp-content\/uploads\/2024\/11\/Coffee-Inn-Hostel_Foto-von-White-Kitchen_72dpi_022b-200x300.jpg 200w, https:\/\/coffeeinnhostel.valua.cloud\/wp-content\/uploads\/2024\/11\/Coffee-Inn-Hostel_Foto-von-White-Kitchen_72dpi_022b.jpg 698w\" \/> <h1 class=\"heading-2\"><strong class=\"bold-text-6\">Soft drinks<\/strong><\/h1> <p class=\"paragraph-3\">Erfrischen Sie sich mit unserer Auswahl an Erfrischungsgetr\u00e4nken, die sich perfekt f\u00fcr einen schnellen Muntermacher eignen.<\/p> <\/div> <div class=\"w-col w-col-4 w-col-stack\"> <img decoding=\"async\" width=\"682\" height=\"1024\" src=\"https:\/\/coffeeinnhostel.valua.cloud\/wp-content\/uploads\/2024\/11\/Brlo_Foto-von-White-Kitchen_20241001-scaled-e1731604506969-682x1024.jpg\" loading=\"lazy\" sizes=\"(max-width: 479px) 87vw, (max-width: 767px) 92vw, (max-width: 991px) 94vw, 31vw\" alt=\"\" class=\"wp-image-341\" srcset=\"https:\/\/coffeeinnhostel.valua.cloud\/wp-content\/uploads\/2024\/11\/Brlo_Foto-von-White-Kitchen_20241001-scaled-e1731604506969-682x1024.jpg 682w, https:\/\/coffeeinnhostel.valua.cloud\/wp-content\/uploads\/2024\/11\/Brlo_Foto-von-White-Kitchen_20241001-scaled-e1731604506969-200x300.jpg 200w, https:\/\/coffeeinnhostel.valua.cloud\/wp-content\/uploads\/2024\/11\/Brlo_Foto-von-White-Kitchen_20241001-scaled-e1731604506969-768x1153.jpg 768w, https:\/\/coffeeinnhostel.valua.cloud\/wp-content\/uploads\/2024\/11\/Brlo_Foto-von-White-Kitchen_20241001-scaled-e1731604506969-1023x1536.jpg 1023w, https:\/\/coffeeinnhostel.valua.cloud\/wp-content\/uploads\/2024\/11\/Brlo_Foto-von-White-Kitchen_20241001-scaled-e1731604506969.jpg 1080w\" \/> <h1 class=\"heading-2\"><strong class=\"bold-text-7\">Beer to go<\/strong><\/h1> <p class=\"paragraph-3\">Genie\u00dfen Sie ein kaltes, frisch gezapftes Bier aus unserer sorgf\u00e4ltig zusammengestellten Auswahl. Ideal zum Entspannen mit Freunden oder zum Kennenlernen neuer Freunde in unserer einladenden Atmosph\u00e4re.<\/p> <\/div> <\/div> <\/section>\n\n<section class=\"wp-block-coffeeinnhostel-two-columns-image section hero-full\"> <div id=\"w-node-_2311c83f-5d82-1674-790c-5fdbe3c3bf19-8a4b3d6f\" class=\"grid-halves hero-full\"> <div id=\"w-node-_2311c83f-5d82-1674-790c-5fdbe3c3bf1a-8a4b3d6f\" class=\"hero-full-content\"> <div class=\"text-size-medium text-style-caps margin-24\"> <strong>ETWAS ZU ESSEN<\/strong> <\/div> <div class=\"column-medium\"> <h1><strong class=\"bold-text\">DEUTSCHE PATISSERIE<\/strong><\/h1> <p class=\"paragraph-4\">Lassen Sie sich von unseren hausgemachten deutschen Backwaren verw\u00f6hnen, die mit Liebe und nach traditionellen Rezepten hergestellt werden. G\u00f6nnen Sie sich eine Auswahl an k\u00f6stlichem Geb\u00e4ck, das perfekt zu unserem Kaffee und unseren Getr\u00e4nken passt. <\/p> <\/div> <\/div> <div id=\"w-node-_2311c83f-5d82-1674-790c-5fdbe3c3bf20-8a4b3d6f\" class=\"hero-full-visual\"> <img decoding=\"async\" width=\"1080\" height=\"1620\" src=\"https:\/\/coffeeinnhostel.valua.cloud\/wp-content\/uploads\/2024\/11\/Coffee-Inn-Hostel_Foto-von-White-Kitchen_72dpi_024-1.jpg\" loading=\"lazy\" sizes=\"(max-width: 479px) 90vw, (max-width: 767px) 94vw, (max-width: 991px) 92vw, 50vw\" alt=\"\" class=\"hero-full-image wp-image-319\" srcset=\"https:\/\/coffeeinnhostel.valua.cloud\/wp-content\/uploads\/2024\/11\/Coffee-Inn-Hostel_Foto-von-White-Kitchen_72dpi_024-1.jpg 1080w, https:\/\/coffeeinnhostel.valua.cloud\/wp-content\/uploads\/2024\/11\/Coffee-Inn-Hostel_Foto-von-White-Kitchen_72dpi_024-1-200x300.jpg 200w, https:\/\/coffeeinnhostel.valua.cloud\/wp-content\/uploads\/2024\/11\/Coffee-Inn-Hostel_Foto-von-White-Kitchen_72dpi_024-1-683x1024.jpg 683w, https:\/\/coffeeinnhostel.valua.cloud\/wp-content\/uploads\/2024\/11\/Coffee-Inn-Hostel_Foto-von-White-Kitchen_72dpi_024-1-768x1152.jpg 768w, https:\/\/coffeeinnhostel.valua.cloud\/wp-content\/uploads\/2024\/11\/Coffee-Inn-Hostel_Foto-von-White-Kitchen_72dpi_024-1-1024x1536.jpg 1024w\" \/> <\/div> <\/div> <div class=\"badge-hotel-wrap rooms\"> <img decoding=\"async\" src=\"https:\/\/coffeeinnhostel.valua.cloud\/wp-content\/themes\/coffeeinhostel\/images\/2-Coffee-Inn_Logo_3-Circular-GREEN.png\" loading=\"lazy\" width=\"154\" data-w-id=\"abaa81d8-fbe7-953a-4d05-1b9df350a038\" alt=\"\" class=\"badge-hotel\"> <\/div> <\/section>\n\n<section class=\"wp-block-coffeeinnhostel-text-background-image section-3\" style=\"background-image:url(https:\/\/coffeeinnhostel.valua.cloud\/wp-content\/uploads\/2024\/11\/Coffee-Inn-Hostel_Foto-von-White-Kitchen_72dpi_019-1.jpg)\"> <div> <p class=\"paragraph-5\">Unser Caf\u00e9 bietet sowohl einen Mitnahme- als auch einen Vor-Ort-Service, so dass Sie unser Angebot \u00fcberall genie\u00dfen k\u00f6nnen. Ganz gleich, ob Sie unterwegs einen schnellen Kaffee trinken oder sich in unserem gem\u00fctlichen Ambiente mit einem Getr\u00e4nk und einem Snack verw\u00f6hnen lassen m\u00f6chten &#8211; wir sind f\u00fcr Sie da, um Ihnen ein angenehmes Erlebnis zu bieten. Kommen Sie und genie\u00dfen Sie die perfekte Mischung aus Geschmack und Komfort in unserem Caf\u00e9.  <\/p> <\/div> <\/section>\n","protected":false},"excerpt":{"rendered":"","protected":false},"author":1027,"featured_media":0,"parent":0,"menu_order":0,"comment_status":"closed","ping_status":"closed","template":"","meta":{"_acf_changed":false,"footnotes":""},"class_list":["post-344","page","type-page","status-publish","hentry"],"acf":[],"_links":{"self":[{"href":"https:\/\/coffeeinnhostel.valua.cloud\/de\/wp-json\/wp\/v2\/pages\/344"}],"collection":[{"href":"https:\/\/coffeeinnhostel.valua.cloud\/de\/wp-json\/wp\/v2\/pages"}],"about":[{"href":"https:\/\/coffeeinnhostel.valua.cloud\/de\/wp-json\/wp\/v2\/types\/page"}],"author":[{"embeddable":true,"href":"https:\/\/coffeeinnhostel.valua.cloud\/de\/wp-json\/wp\/v2\/users\/1027"}],"replies":[{"embeddable":true,"href":"https:\/\/coffeeinnhostel.valua.cloud\/de\/wp-json\/wp\/v2\/comments?post=344"}],"version-history":[{"count":0,"href":"https:\/\/coffeeinnhostel.valua.cloud\/de\/wp-json\/wp\/v2\/pages\/344\/revisions"}],"wp:attachment":[{"href":"https:\/\/coffeeinnhostel.valua.cloud\/de\/wp-json\/wp\/v2\/media?parent=344"}],"curies":[{"name":"wp","href":"https:\/\/api.w.org\/{rel}","templated":true}]}}